{"id":54,"date":"2012-12-09T14:11:50","date_gmt":"2012-12-09T12:11:50","guid":{"rendered":"http:\/\/www.muehleinsel.de\/wordpress\/?page_id=54"},"modified":"2022-11-15T15:23:41","modified_gmt":"2022-11-15T13:23:41","slug":"hotel-muhleinsel","status":"publish","type":"page","link":"http:\/\/www.muehleinsel.de\/wordpress\/hotel-muhleinsel\/","title":{"rendered":"Hotel M\u00fchleinsel"},"content":{"rendered":"<h1><span style=\"color: #800000;\"><strong>Willkommen im Hotel-Restaurant M\u00fchleinsel<\/strong><\/span><\/h1>\n<p><a href=\"http:\/\/www.muehleinsel.de\/wp-content\/uploads\/2017\/05\/64884.png\" target=\"_blank\" rel=\"noopener noreferrer\"><img loading=\"lazy\" decoding=\"async\" class=\"alignleft wp-image-1050 \" src=\"http:\/\/www.muehleinsel.de\/wp-content\/uploads\/2017\/05\/64884.png\" alt=\"\" width=\"377\" height=\"377\" srcset=\"http:\/\/www.muehleinsel.de\/wp-content\/uploads\/2017\/05\/64884.png 600w, http:\/\/www.muehleinsel.de\/wp-content\/uploads\/2017\/05\/64884-150x150.png 150w, http:\/\/www.muehleinsel.de\/wp-content\/uploads\/2017\/05\/64884-300x300.png 300w, http:\/\/www.muehleinsel.de\/wp-content\/uploads\/2017\/05\/64884-144x144.png 144w\" sizes=\"auto, (max-width: 377px) 100vw, 377px\" \/><\/a><\/p>\n<p>Das 3-Sterne-Hotel M\u00fchleinsel bietet 12 zum gr\u00f6\u00dften Teil sehr ger\u00e4umige und komfortable Zimmer sowie eine Ferienwohnung (mit zwei getrennten R\u00e4umen) f\u00fcr bis zu sechs Personen.<\/p>\n<p>Alle Zimmer verf\u00fcgen \u00fcber Dusche\/WC, TV und vieles mehr. Erleben Sie ein paar sch\u00f6ne Tage im Weinort Kenzingen.<\/p>\n<p>Im dazugeh\u00f6rigen Restaurant k\u00f6nnen Sie unsere badischen Gerichte genie\u00dfen und im Sommer auf unserer Sonnenterrasse (direkt an der Elz gelegen) ein paar sch\u00f6ne, kulinarische Stunden erleben.<\/p>\n<p><span style=\"color: #800000;\"><strong>Der Europapark ist in nur ca. 12 Minuten mit dem Auto erreichbar!<\/strong><\/span><\/p>\n<p>Unsere Zimmer sind auf Grund der \u00fcberdurchschnittlichen Gr\u00f6\u00dfe vor allem f\u00fcr Familien\u00a0hervorragend geeignet.\u00a0Die meisten unserer Zimmer bieten einen tollen Blick auf die Elz.<\/p>\n<p><strong>Unsere Zimmerpreise variieren &#8211; je nach Saison, Aufenthaltsdauer und G\u00e4stezahl:<\/strong><\/p>\n<p><strong>Einzelzimmer<\/strong>\u00a0 \u00a0 \u00a0\u00a0von 56.- \u20ac bis 88.- \u20ac \/ Nacht<br \/>\n<strong>Doppelzimmer<\/strong>\u00a0 \u00a0\u00a0von 78.- \u20ac bis \u00a0119.- \u20ac \/ Nacht<br \/>\n<strong>Balkonzimmer<\/strong>\u00a0 \u00a0\u00a0von 88.- \u20ac bis \u00a0129.- \u20ac \/ Nacht<br \/>\n<strong>Mehrbettzimmer<\/strong>\u00a0ab 138.- \u20ac \/ Nacht<\/p>\n<p><strong>Bettengr\u00f6\u00dfen in allen Zimmern:\u00a0<\/strong>mindestens 90 x 200 cm in Doppelzimmern 180 x 200 cm<\/p>\n<p><strong>Familienappartement<\/strong>\u00a0ab\u00a0148.- \u20ac \/ Nacht (Preis abh\u00e4ngig der Anzahl der \u00dcbernachtungsg\u00e4ste)<br \/>\nDas Familienappartement\u00a0besteht aus zwei getrennten Zimmern und hat einen gro\u00dfen Balkon mit Blick auf die Elz.\u00a0Im Hauptzimmer finden Sie eine komplett eingerichtete K\u00fcche und Schlafm\u00f6glichkeiten f\u00fcr bis zu 4\u00a0Personen.\u00a0Zudem steht ein ger\u00e4umiges Schlafzimmer, sowie Bad mit WC, Bidet und Dusche zu Verf\u00fcgung.<br \/>\n<span style=\"color: #800000;\"><strong>Mindestaufenthalt im Familienappartement:<\/strong><\/span> 3 \u00dcbernachtungen<\/p>\n<p>F\u00fcr <strong>Langzeitg\u00e4ste und Monteure<\/strong> bieten wir attraktive Zimmer-Preise\u00a0\u2013 bitte setzen Sie sich bei Interesse <strong>direkt<\/strong> mit uns in Verbindung.<br \/>\nWeitere Informationen f\u00fcr langfristige Anfragen und Gruppen finden Sie <a href=\"https:\/\/www.monteurzimmer.de\/hotel\/79341-kenzingen-9xcggwpo7m\" target=\"_blank\" rel=\"noopener\">hier<\/a>!<\/p>\n<h4><strong>Reservierungen unter:<\/strong><\/h4>\n<p>Tel.: 07644 &#8211; 92 92 32 oder Fax: 07644 &#8211; 92 92 31 oder per Mail:\u00a0<a href=\"mailto:info@muehleinsel.de\">info@muehleinsel.de<\/a><\/p>\n<p>Hier finden Sie unsere <a href=\"http:\/\/www.muehleinsel.de\/W_Anfahrtsplan_Muehleinsel.pdf\" target=\"_blank\" rel=\"noopener noreferrer\">Anfahrtsbeschreibung<\/a> als PDF<\/p>\n<div id='gallery-1' class='gallery galleryid-54 gallery-columns-4 gallery-size-thumbnail'><figure class='gallery-item'>\n\t\t\t<div class='gallery-icon landscape'>\n\t\t\t\t<a href='http:\/\/www.muehleinsel.de\/wp-content\/uploads\/2012\/12\/P1070465.jpg'><img loading=\"lazy\" decoding=\"async\" width=\"150\" height=\"150\" src=\"http:\/\/www.muehleinsel.de\/wp-content\/uploads\/2012\/12\/P1070465-150x150.jpg\" class=\"attachment-thumbnail size-thumbnail\" alt=\"\" \/><\/a>\n\t\t\t<\/div><\/figure><figure class='gallery-item'>\n\t\t\t<div class='gallery-icon landscape'>\n\t\t\t\t<a href='http:\/\/www.muehleinsel.de\/wp-content\/uploads\/2012\/12\/P1070467.jpg'><img loading=\"lazy\" decoding=\"async\" width=\"150\" height=\"150\" src=\"http:\/\/www.muehleinsel.de\/wp-content\/uploads\/2012\/12\/P1070467-150x150.jpg\" class=\"attachment-thumbnail size-thumbnail\" alt=\"\" \/><\/a>\n\t\t\t<\/div><\/figure><figure class='gallery-item'>\n\t\t\t<div class='gallery-icon landscape'>\n\t\t\t\t<a href='http:\/\/www.muehleinsel.de\/wp-content\/uploads\/2012\/12\/P1070471.jpg'><img loading=\"lazy\" decoding=\"async\" width=\"150\" height=\"150\" src=\"http:\/\/www.muehleinsel.de\/wp-content\/uploads\/2012\/12\/P1070471-150x150.jpg\" class=\"attachment-thumbnail size-thumbnail\" alt=\"\" \/><\/a>\n\t\t\t<\/div><\/figure><figure class='gallery-item'>\n\t\t\t<div class='gallery-icon landscape'>\n\t\t\t\t<a href='http:\/\/www.muehleinsel.de\/wp-content\/uploads\/2012\/12\/P1070472.jpg'><img loading=\"lazy\" decoding=\"async\" width=\"150\" height=\"150\" src=\"http:\/\/www.muehleinsel.de\/wp-content\/uploads\/2012\/12\/P1070472-150x150.jpg\" class=\"attachment-thumbnail size-thumbnail\" alt=\"\" \/><\/a>\n\t\t\t<\/div><\/figure><figure class='gallery-item'>\n\t\t\t<div class='gallery-icon landscape'>\n\t\t\t\t<a href='http:\/\/www.muehleinsel.de\/wp-content\/uploads\/2012\/12\/P1070495.jpg'><img loading=\"lazy\" decoding=\"async\" width=\"150\" height=\"150\" src=\"http:\/\/www.muehleinsel.de\/wp-content\/uploads\/2012\/12\/P1070495-150x150.jpg\" class=\"attachment-thumbnail size-thumbnail\" alt=\"\" \/><\/a>\n\t\t\t<\/div><\/figure><figure class='gallery-item'>\n\t\t\t<div class='gallery-icon landscape'>\n\t\t\t\t<a href='http:\/\/www.muehleinsel.de\/wp-content\/uploads\/2012\/12\/P1070497.jpg'><img loading=\"lazy\" decoding=\"async\" width=\"150\" height=\"150\" src=\"http:\/\/www.muehleinsel.de\/wp-content\/uploads\/2012\/12\/P1070497-150x150.jpg\" class=\"attachment-thumbnail size-thumbnail\" alt=\"\" \/><\/a>\n\t\t\t<\/div><\/figure><figure class='gallery-item'>\n\t\t\t<div class='gallery-icon landscape'>\n\t\t\t\t<a href='http:\/\/www.muehleinsel.de\/wp-content\/uploads\/2012\/12\/P1070496.jpg'><img loading=\"lazy\" decoding=\"async\" width=\"150\" height=\"150\" src=\"http:\/\/www.muehleinsel.de\/wp-content\/uploads\/2012\/12\/P1070496-150x150.jpg\" class=\"attachment-thumbnail size-thumbnail\" alt=\"\" \/><\/a>\n\t\t\t<\/div><\/figure><figure class='gallery-item'>\n\t\t\t<div class='gallery-icon landscape'>\n\t\t\t\t<a href='http:\/\/www.muehleinsel.de\/wp-content\/uploads\/2012\/12\/P1070498.jpg'><img loading=\"lazy\" decoding=\"async\" width=\"150\" height=\"150\" src=\"http:\/\/www.muehleinsel.de\/wp-content\/uploads\/2012\/12\/P1070498-150x150.jpg\" class=\"attachment-thumbnail size-thumbnail\" alt=\"\" \/><\/a>\n\t\t\t<\/div><\/figure><figure class='gallery-item'>\n\t\t\t<div class='gallery-icon landscape'>\n\t\t\t\t<a href='http:\/\/www.muehleinsel.de\/wp-content\/uploads\/2012\/12\/P1070501.jpg'><img loading=\"lazy\" decoding=\"async\" width=\"150\" height=\"150\" src=\"http:\/\/www.muehleinsel.de\/wp-content\/uploads\/2012\/12\/P1070501-150x150.jpg\" class=\"attachment-thumbnail size-thumbnail\" alt=\"\" \/><\/a>\n\t\t\t<\/div><\/figure><figure class='gallery-item'>\n\t\t\t<div class='gallery-icon landscape'>\n\t\t\t\t<a href='http:\/\/www.muehleinsel.de\/wp-content\/uploads\/2012\/12\/P1070508.jpg'><img loading=\"lazy\" decoding=\"async\" width=\"150\" height=\"150\" src=\"http:\/\/www.muehleinsel.de\/wp-content\/uploads\/2012\/12\/P1070508-150x150.jpg\" class=\"attachment-thumbnail size-thumbnail\" alt=\"\" \/><\/a>\n\t\t\t<\/div><\/figure><figure class='gallery-item'>\n\t\t\t<div class='gallery-icon landscape'>\n\t\t\t\t<a href='http:\/\/www.muehleinsel.de\/wp-content\/uploads\/2012\/12\/hotel_01.jpg'><img loading=\"lazy\" decoding=\"async\" width=\"150\" height=\"150\" src=\"http:\/\/www.muehleinsel.de\/wp-content\/uploads\/2012\/12\/hotel_01-150x150.jpg\" class=\"attachment-thumbnail size-thumbnail\" alt=\"\" \/><\/a>\n\t\t\t<\/div><\/figure><figure class='gallery-item'>\n\t\t\t<div class='gallery-icon landscape'>\n\t\t\t\t<a href='http:\/\/www.muehleinsel.de\/wp-content\/uploads\/2012\/12\/Hotel_muehleinsel_01.jpg'><img loading=\"lazy\" decoding=\"async\" width=\"150\" height=\"150\" src=\"http:\/\/www.muehleinsel.de\/wp-content\/uploads\/2012\/12\/Hotel_muehleinsel_01-150x150.jpg\" class=\"attachment-thumbnail size-thumbnail\" alt=\"\" \/><\/a>\n\t\t\t<\/div><\/figure><figure class='gallery-item'>\n\t\t\t<div class='gallery-icon landscape'>\n\t\t\t\t<a href='http:\/\/www.muehleinsel.de\/wp-content\/uploads\/2012\/12\/DSC_0047.jpg'><img loading=\"lazy\" decoding=\"async\" width=\"150\" height=\"150\" src=\"http:\/\/www.muehleinsel.de\/wp-content\/uploads\/2012\/12\/DSC_0047-150x150.jpg\" class=\"attachment-thumbnail size-thumbnail\" alt=\"\" \/><\/a>\n\t\t\t<\/div><\/figure><figure class='gallery-item'>\n\t\t\t<div class='gallery-icon landscape'>\n\t\t\t\t<a href='http:\/\/www.muehleinsel.de\/wp-content\/uploads\/2012\/12\/DSC_0053.jpg'><img loading=\"lazy\" decoding=\"async\" width=\"150\" height=\"150\" src=\"http:\/\/www.muehleinsel.de\/wp-content\/uploads\/2012\/12\/DSC_0053-150x150.jpg\" class=\"attachment-thumbnail size-thumbnail\" alt=\"\" \/><\/a>\n\t\t\t<\/div><\/figure><figure class='gallery-item'>\n\t\t\t<div class='gallery-icon landscape'>\n\t\t\t\t<a href='http:\/\/www.muehleinsel.de\/wp-content\/uploads\/2012\/12\/DSC_0059.jpg'><img loading=\"lazy\" decoding=\"async\" width=\"150\" height=\"150\" src=\"http:\/\/www.muehleinsel.de\/wp-content\/uploads\/2012\/12\/DSC_0059-150x150.jpg\" class=\"attachment-thumbnail size-thumbnail\" alt=\"\" \/><\/a>\n\t\t\t<\/div><\/figure><figure class='gallery-item'>\n\t\t\t<div class='gallery-icon landscape'>\n\t\t\t\t<a href='http:\/\/www.muehleinsel.de\/wp-content\/uploads\/2012\/12\/DSC_0064.jpg'><img loading=\"lazy\" decoding=\"async\" width=\"150\" height=\"150\" src=\"http:\/\/www.muehleinsel.de\/wp-content\/uploads\/2012\/12\/DSC_0064-150x150.jpg\" class=\"attachment-thumbnail size-thumbnail\" alt=\"\" \/><\/a>\n\t\t\t<\/div><\/figure><figure class='gallery-item'>\n\t\t\t<div class='gallery-icon landscape'>\n\t\t\t\t<a href='http:\/\/www.muehleinsel.de\/wp-content\/uploads\/2012\/12\/DSC_0076.jpg'><img loading=\"lazy\" decoding=\"async\" width=\"150\" height=\"150\" src=\"http:\/\/www.muehleinsel.de\/wp-content\/uploads\/2012\/12\/DSC_0076-150x150.jpg\" class=\"attachment-thumbnail size-thumbnail\" alt=\"\" \/><\/a>\n\t\t\t<\/div><\/figure><figure class='gallery-item'>\n\t\t\t<div class='gallery-icon portrait'>\n\t\t\t\t<a href='http:\/\/www.muehleinsel.de\/wp-content\/uploads\/2012\/12\/DSC_0081.jpg'><img loading=\"lazy\" decoding=\"async\" width=\"150\" height=\"150\" src=\"http:\/\/www.muehleinsel.de\/wp-content\/uploads\/2012\/12\/DSC_0081-150x150.jpg\" class=\"attachment-thumbnail size-thumbnail\" alt=\"\" \/><\/a>\n\t\t\t<\/div><\/figure><figure class='gallery-item'>\n\t\t\t<div class='gallery-icon landscape'>\n\t\t\t\t<a href='http:\/\/www.muehleinsel.de\/wp-content\/uploads\/2012\/12\/DSC_0083.jpg'><img loading=\"lazy\" decoding=\"async\" width=\"150\" height=\"150\" src=\"http:\/\/www.muehleinsel.de\/wp-content\/uploads\/2012\/12\/DSC_0083-150x150.jpg\" class=\"attachment-thumbnail size-thumbnail\" alt=\"\" \/><\/a>\n\t\t\t<\/div><\/figure><figure class='gallery-item'>\n\t\t\t<div class='gallery-icon landscape'>\n\t\t\t\t<a href='http:\/\/www.muehleinsel.de\/wp-content\/uploads\/2012\/12\/DSC_0099.jpg'><img loading=\"lazy\" decoding=\"async\" width=\"150\" height=\"150\" src=\"http:\/\/www.muehleinsel.de\/wp-content\/uploads\/2012\/12\/DSC_0099-150x150.jpg\" class=\"attachment-thumbnail size-thumbnail\" alt=\"\" \/><\/a>\n\t\t\t<\/div><\/figure><figure class='gallery-item'>\n\t\t\t<div class='gallery-icon landscape'>\n\t\t\t\t<a href='http:\/\/www.muehleinsel.de\/wp-content\/uploads\/2012\/12\/DSC_0103.jpg'><img loading=\"lazy\" decoding=\"async\" width=\"150\" height=\"150\" src=\"http:\/\/www.muehleinsel.de\/wp-content\/uploads\/2012\/12\/DSC_0103-150x150.jpg\" class=\"attachment-thumbnail size-thumbnail\" alt=\"\" \/><\/a>\n\t\t\t<\/div><\/figure><figure class='gallery-item'>\n\t\t\t<div class='gallery-icon landscape'>\n\t\t\t\t<a href='http:\/\/www.muehleinsel.de\/wp-content\/uploads\/2012\/12\/DSC_0113.jpg'><img loading=\"lazy\" decoding=\"async\" width=\"150\" height=\"150\" src=\"http:\/\/www.muehleinsel.de\/wp-content\/uploads\/2012\/12\/DSC_0113-150x150.jpg\" class=\"attachment-thumbnail size-thumbnail\" alt=\"\" \/><\/a>\n\t\t\t<\/div><\/figure><figure class='gallery-item'>\n\t\t\t<div class='gallery-icon landscape'>\n\t\t\t\t<a href='http:\/\/www.muehleinsel.de\/wp-content\/uploads\/2012\/12\/DSC_0124.jpg'><img loading=\"lazy\" decoding=\"async\" width=\"150\" height=\"150\" src=\"http:\/\/www.muehleinsel.de\/wp-content\/uploads\/2012\/12\/DSC_0124-150x150.jpg\" class=\"attachment-thumbnail size-thumbnail\" alt=\"\" \/><\/a>\n\t\t\t<\/div><\/figure><figure class='gallery-item'>\n\t\t\t<div class='gallery-icon landscape'>\n\t\t\t\t<a href='http:\/\/www.muehleinsel.de\/wp-content\/uploads\/2012\/12\/DSC_0130.jpg'><img loading=\"lazy\" decoding=\"async\" width=\"150\" height=\"150\" src=\"http:\/\/www.muehleinsel.de\/wp-content\/uploads\/2012\/12\/DSC_0130-150x150.jpg\" class=\"attachment-thumbnail size-thumbnail\" alt=\"\" \/><\/a>\n\t\t\t<\/div><\/figure><figure class='gallery-item'>\n\t\t\t<div class='gallery-icon landscape'>\n\t\t\t\t<a href='http:\/\/www.muehleinsel.de\/wp-content\/uploads\/2012\/12\/DSC_0140.jpg'><img loading=\"lazy\" decoding=\"async\" width=\"150\" height=\"150\" src=\"http:\/\/www.muehleinsel.de\/wp-content\/uploads\/2012\/12\/DSC_0140-150x150.jpg\" class=\"attachment-thumbnail size-thumbnail\" alt=\"\" \/><\/a>\n\t\t\t<\/div><\/figure><figure class='gallery-item'>\n\t\t\t<div class='gallery-icon landscape'>\n\t\t\t\t<a href='http:\/\/www.muehleinsel.de\/wp-content\/uploads\/2012\/12\/DSC_0148.jpg'><img loading=\"lazy\" decoding=\"async\" width=\"150\" height=\"150\" src=\"http:\/\/www.muehleinsel.de\/wp-content\/uploads\/2012\/12\/DSC_0148-150x150.jpg\" class=\"attachment-thumbnail size-thumbnail\" alt=\"\" \/><\/a>\n\t\t\t<\/div><\/figure><figure class='gallery-item'>\n\t\t\t<div class='gallery-icon landscape'>\n\t\t\t\t<a href='http:\/\/www.muehleinsel.de\/wp-content\/uploads\/2012\/12\/DSC_0151.jpg'><img loading=\"lazy\" decoding=\"async\" width=\"150\" height=\"150\" src=\"http:\/\/www.muehleinsel.de\/wp-content\/uploads\/2012\/12\/DSC_0151-150x150.jpg\" class=\"attachment-thumbnail size-thumbnail\" alt=\"\" \/><\/a>\n\t\t\t<\/div><\/figure><figure class='gallery-item'>\n\t\t\t<div class='gallery-icon landscape'>\n\t\t\t\t<a href='http:\/\/www.muehleinsel.de\/wp-content\/uploads\/2012\/12\/DSC_0154.jpg'><img loading=\"lazy\" decoding=\"async\" width=\"150\" height=\"150\" src=\"http:\/\/www.muehleinsel.de\/wp-content\/uploads\/2012\/12\/DSC_0154-150x150.jpg\" class=\"attachment-thumbnail size-thumbnail\" alt=\"\" \/><\/a>\n\t\t\t<\/div><\/figure><figure class='gallery-item'>\n\t\t\t<div class='gallery-icon portrait'>\n\t\t\t\t<a href='http:\/\/www.muehleinsel.de\/wp-content\/uploads\/2012\/12\/DSC_0158.jpg'><img loading=\"lazy\" decoding=\"async\" width=\"150\" height=\"150\" src=\"http:\/\/www.muehleinsel.de\/wp-content\/uploads\/2012\/12\/DSC_0158-150x150.jpg\" class=\"attachment-thumbnail size-thumbnail\" alt=\"\" \/><\/a>\n\t\t\t<\/div><\/figure><figure class='gallery-item'>\n\t\t\t<div class='gallery-icon landscape'>\n\t\t\t\t<a href='http:\/\/www.muehleinsel.de\/wp-content\/uploads\/2012\/12\/DSC_0181.jpg'><img loading=\"lazy\" decoding=\"async\" width=\"150\" height=\"150\" src=\"http:\/\/www.muehleinsel.de\/wp-content\/uploads\/2012\/12\/DSC_0181-150x150.jpg\" class=\"attachment-thumbnail size-thumbnail\" alt=\"\" \/><\/a>\n\t\t\t<\/div><\/figure><figure class='gallery-item'>\n\t\t\t<div class='gallery-icon landscape'>\n\t\t\t\t<a href='http:\/\/www.muehleinsel.de\/wp-content\/uploads\/2012\/12\/DSC_0183.jpg'><img loading=\"lazy\" decoding=\"async\" width=\"150\" height=\"150\" src=\"http:\/\/www.muehleinsel.de\/wp-content\/uploads\/2012\/12\/DSC_0183-150x150.jpg\" class=\"attachment-thumbnail size-thumbnail\" alt=\"\" \/><\/a>\n\t\t\t<\/div><\/figure><figure class='gallery-item'>\n\t\t\t<div class='gallery-icon landscape'>\n\t\t\t\t<a href='http:\/\/www.muehleinsel.de\/wp-content\/uploads\/2012\/12\/3-Sterne-Schild.jpg'><img loading=\"lazy\" decoding=\"async\" width=\"150\" height=\"150\" src=\"http:\/\/www.muehleinsel.de\/wp-content\/uploads\/2012\/12\/3-Sterne-Schild-150x150.jpg\" class=\"attachment-thumbnail size-thumbnail\" alt=\"\" \/><\/a>\n\t\t\t<\/div><\/figure>\n\t\t<\/div>\n\n","protected":false},"excerpt":{"rendered":"<p>Willkommen im Hotel-Restaurant M\u00fchleinsel Das 3-Sterne-Hotel M\u00fchleinsel bietet 12 zum gr\u00f6\u00dften Teil sehr ger\u00e4umige und komfortable Zimmer sowie eine Ferienwohnung (mit zwei [&hellip;]<\/p>\n","protected":false},"author":1,"featured_media":197,"parent":0,"menu_order":0,"comment_status":"closed","ping_status":"open","template":"","meta":{"footnotes":""},"class_list":["post-54","page","type-page","status-publish","has-post-thumbnail","hentry"],"_links":{"self":[{"href":"http:\/\/www.muehleinsel.de\/wordpress\/wp-json\/wp\/v2\/pages\/54","targetHints":{"allow":["GET"]}}],"collection":[{"href":"http:\/\/www.muehleinsel.de\/wordpress\/wp-json\/wp\/v2\/pages"}],"about":[{"href":"http:\/\/www.muehleinsel.de\/wordpress\/wp-json\/wp\/v2\/types\/page"}],"author":[{"embeddable":true,"href":"http:\/\/www.muehleinsel.de\/wordpress\/wp-json\/wp\/v2\/users\/1"}],"replies":[{"embeddable":true,"href":"http:\/\/www.muehleinsel.de\/wordpress\/wp-json\/wp\/v2\/comments?post=54"}],"version-history":[{"count":19,"href":"http:\/\/www.muehleinsel.de\/wordpress\/wp-json\/wp\/v2\/pages\/54\/revisions"}],"predecessor-version":[{"id":1262,"href":"http:\/\/www.muehleinsel.de\/wordpress\/wp-json\/wp\/v2\/pages\/54\/revisions\/1262"}],"wp:featuredmedia":[{"embeddable":true,"href":"http:\/\/www.muehleinsel.de\/wordpress\/wp-json\/wp\/v2\/media\/197"}],"wp:attachment":[{"href":"http:\/\/www.muehleinsel.de\/wordpress\/wp-json\/wp\/v2\/media?parent=54"}],"curies":[{"name":"wp","href":"https:\/\/api.w.org\/{rel}","templated":true}]}}